{"id":130,"date":"2020-04-23T00:56:35","date_gmt":"2020-04-23T00:56:35","guid":{"rendered":"http:\/\/notaria-219.com.mx\/?page_id=130"},"modified":"2021-06-02T19:00:53","modified_gmt":"2021-06-02T19:00:53","slug":"inicio","status":"publish","type":"page","link":"http:\/\/notaria-219.com.mx\/?page_id=130","title":{"rendered":"Inicio"},"content":{"rendered":"\t\t<div data-elementor-type=\"wp-page\" data-elementor-id=\"130\" class=\"elementor elementor-130\">\n\t\t\t\t\t\t<div class=\"elementor-inner\">\n\t\t\t\t<div class=\"elementor-section-wrap\">\n\t\t\t\t\t\t\t\t\t<section class=\"elementor-section elementor-top-section elementor-element elementor-element-26b96293 elementor-section-boxed elementor-section-height-default elementor-section-height-default\" data-id=\"26b96293\" data-element_type=\"section\">\n\t\t\t\t\t\t<div class=\"elementor-container elementor-column-gap-default\">\n\t\t\t\t\t\t\t<div class=\"elementor-row\">\n\t\t\t\t\t<div class=\"elementor-column elementor-col-100 elementor-top-column elementor-element elementor-element-2121dc25\" data-id=\"2121dc25\" data-element_type=\"column\">\n\t\t\t<div class=\"elementor-column-wrap elementor-element-populated\">\n\t\t\t\t\t\t\t<div class=\"elementor-widget-wrap\">\n\t\t\t\t\t\t<div class=\"elementor-element elementor-element-c70d7ff elementor-widget elementor-widget-text-editor\" data-id=\"c70d7ff\" data-element_type=\"widget\" data-widget_type=\"text-editor.default\">\n\t\t\t\t<div class=\"elementor-widget-container\">\n\t\t\t\t\t\t\t\t<div class=\"elementor-text-editor elementor-clearfix\">\n\t\t\t\t<!-- wp:paragraph -->\n<p><script type=\"text\/javascript\">var lsjQuery = jQuery;lsjQuery(document).ready(function() {\r\nif(typeof lsjQuery.fn.layerSlider == \"undefined\") {\r\nif( window._layerSlider && window._layerSlider.showNotice) { \r\nwindow._layerSlider.showNotice('layerslider_1','jquery');\r\n}\r\n} else {\r\nlsjQuery(\"#layerslider_1\").layerSlider({createdWith: '6.5.202', sliderVersion: '6.7.6', type: 'fullwidth', skin: 'numbers', hoverPrevNext: false, navStartStop: false, navButtons: false, hoverBottomNav: true, skinsPath: 'http:\/\/notaria-219.com.mx\/wp-content\/plugins\/LayerSlider\/static\/layerslider\/skins\/'});\r\n}\r\n});\r\n<\/script><div id=\"layerslider_1\" class=\"ls-wp-container fitvidsignore\" style=\"width:1280px;height:600px;margin:0 auto;margin-bottom: 0px;\"><div class=\"ls-slide\" data-ls=\"duration:4000;kenburnsscale:1.2;\"><img width=\"2560\" height=\"1707\" src=\"http:\/\/notaria-219.com.mx\/wp-content\/uploads\/2021\/06\/asian-business-woman-signing-contract-document-making-deal-scaled.jpg\" class=\"ls-bg\" alt=\"\" loading=\"lazy\" srcset=\"http:\/\/notaria-219.com.mx\/wp-content\/uploads\/2021\/06\/asian-business-woman-signing-contract-document-making-deal-scaled.jpg 2560w, http:\/\/notaria-219.com.mx\/wp-content\/uploads\/2021\/06\/asian-business-woman-signing-contract-document-making-deal-scaled-300x200.jpg 300w, http:\/\/notaria-219.com.mx\/wp-content\/uploads\/2021\/06\/asian-business-woman-signing-contract-document-making-deal-scaled-1024x683.jpg 1024w, http:\/\/notaria-219.com.mx\/wp-content\/uploads\/2021\/06\/asian-business-woman-signing-contract-document-making-deal-768x512.jpg 768w, http:\/\/notaria-219.com.mx\/wp-content\/uploads\/2021\/06\/asian-business-woman-signing-contract-document-making-deal-1536x1024.jpg 1536w, http:\/\/notaria-219.com.mx\/wp-content\/uploads\/2021\/06\/asian-business-woman-signing-contract-document-making-deal-2048x1365.jpg 2048w\" sizes=\"(max-width: 2560px) 100vw, 2560px\" \/><div style=\"top:153px;left:27px;text-align:center;font-weight:700;font-style:normal;text-decoration:none;font-size:45px;line-height:41px;color:#e61c1c;font-family:Lato;width:473px;height:149px;\" class=\"ls-l\" data-ls=\"offsetyin:-100lh;easingin:easeOutQuint;colorin:#141313;\">Inf\u00f3rmate sobre los beneficios de las jornadas Notariales <\/div><div style=\"top:234px;left:27px;text-align:center;font-weight:700;font-style:normal;text-decoration:none;font-size:46px;line-height:42px;color:#141313;font-family:Lato;width:490px;height:150px;\" class=\"ls-l\" data-ls=\"offsetyin:-100lh;easingin:easeOutQuint;\">Recibir la orientaci\u00f3n jur\u00eddica sobre tu inmueble  <\/div><div style=\"top:388px;left:27px;text-align:center;font-weight:700;font-style:normal;text-decoration:none;font-size:43px;line-height:39px;color:#141313;font-family:Lato;width:440px;height:139px;\" class=\"ls-l\" data-ls=\"offsetyin:-100lh;easingin:easeOutQuint;\">Acercate con nuestro equipo, contamos con consultas gratuitas<\/div><div style=\"top:315px;left:27px;text-align:center;font-weight:700;font-style:normal;text-decoration:none;font-size:44px;line-height:39px;color:#f70808;font-family:Lato;width:450px;height:142px;\" class=\"ls-l\" data-ls=\"offsetyin:-100lh;easingin:easeOutQuint;\">Sucesi\u00f3n o testamento<\/div><\/div><div class=\"ls-slide\" data-ls=\"bgposition:0% 0%;duration:4000;transition2d:5;kenburnsscale:1.2;\"><img width=\"2560\" height=\"1709\" src=\"http:\/\/notaria-219.com.mx\/wp-content\/uploads\/2020\/04\/18908-scaled.jpg\" class=\"ls-bg\" alt=\"\" loading=\"lazy\" srcset=\"http:\/\/notaria-219.com.mx\/wp-content\/uploads\/2020\/04\/18908-scaled.jpg 2560w, http:\/\/notaria-219.com.mx\/wp-content\/uploads\/2020\/04\/18908-scaled-300x200.jpg 300w, http:\/\/notaria-219.com.mx\/wp-content\/uploads\/2020\/04\/18908-scaled-1024x684.jpg 1024w, http:\/\/notaria-219.com.mx\/wp-content\/uploads\/2020\/04\/18908-768x513.jpg 768w, http:\/\/notaria-219.com.mx\/wp-content\/uploads\/2020\/04\/18908-1536x1025.jpg 1536w, http:\/\/notaria-219.com.mx\/wp-content\/uploads\/2020\/04\/18908-2048x1367.jpg 2048w\" sizes=\"(max-width: 2560px) 100vw, 2560px\" \/><div style=\"top:157px;left:512px;text-align:center;font-weight:900;font-style:normal;text-decoration:none;width:735px;height:58px;font-size:60px;font-family:Lato;line-height:60px;color:#090a0a;\" class=\"ls-l\" data-ls=\"offsetyin:-50lh;delayin:100;easingin:easeOutQuint;\">Lic. Estela \u00c1lvarez Narv\u00e1ez<\/div><div style=\"top:78px;left:469px;text-align:initial;font-weight:700;font-style:normal;text-decoration:none;font-size:46px;line-height:73px;color:#e61c1c;font-family:Lato;width:250px;height:79px;\" class=\"ls-l\" data-ls=\"offsetyin:-100lh;easingin:easeOutQuint;\">Notaria 219 De la Ciudad de M\u00e9xico<\/div><a style=\"\" class=\"ls-l\" href=\"http:\/\/notaria-219.com.mx\/?page_id=154\" target=\"_blank\" data-ls=\"offsetyin:50px;delayin:200;easingin:easeOutQuint;hover:true;hoveropacity:0.7;hovercolor:rgba(0, 0, 0, 0.52);\"><span style=\"cursor: pointer;top:246px;left:765px;text-align:initial;font-weight:700;font-style:normal;text-decoration:none;font-family:Lato;font-size:13px;line-height:15px;padding-top:12px;padding-right:33px;padding-bottom:12px;padding-left:33px;border-top:solid 2px ;border-right:solid 2px ;border-bottom:solid 2px ;border-left:solid 2px ;color:#000000;background-color:#ffffff;\" class=\"\">Cont\u00e1ctanos hoy<\/span><\/a><\/div><div class=\"ls-slide\" data-ls=\"duration:4000;kenburnsscale:1.2;\"><img width=\"2560\" height=\"1707\" src=\"http:\/\/notaria-219.com.mx\/wp-content\/uploads\/2020\/04\/3522892-scaled.jpg\" class=\"ls-bg\" alt=\"\" loading=\"lazy\" srcset=\"http:\/\/notaria-219.com.mx\/wp-content\/uploads\/2020\/04\/3522892-scaled.jpg 2560w, http:\/\/notaria-219.com.mx\/wp-content\/uploads\/2020\/04\/3522892-scaled-300x200.jpg 300w, http:\/\/notaria-219.com.mx\/wp-content\/uploads\/2020\/04\/3522892-scaled-1024x683.jpg 1024w, http:\/\/notaria-219.com.mx\/wp-content\/uploads\/2020\/04\/3522892-768x512.jpg 768w, http:\/\/notaria-219.com.mx\/wp-content\/uploads\/2020\/04\/3522892-1536x1024.jpg 1536w, http:\/\/notaria-219.com.mx\/wp-content\/uploads\/2020\/04\/3522892-2048x1365.jpg 2048w\" sizes=\"(max-width: 2560px) 100vw, 2560px\" \/><div style=\"top:109px;left:-511px;text-align:center;font-weight:900;font-style:normal;text-decoration:none;width:1373px;height:108px;font-size:112px;font-family:Lato;line-height:112px;color:#090a0a;\" class=\"ls-l\" data-ls=\"offsetyin:-50lh;delayin:100;easingin:easeOutQuint;\">Aviso<\/div><div style=\"top:246px;left:27px;text-align:center;font-weight:700;font-style:normal;text-decoration:none;font-size:29px;line-height:26px;color:#e61c1c;font-family:Lato;width:298px;height:94px;\" class=\"ls-l\" data-ls=\"offsetyin:-100lh;easingin:easeOutQuint;\">En apoyo a la econom\u00eda de ciudadan\u00eda, por el periodo que dure la contingencia, el costo de:<\/div><div style=\"top:284px;left:27px;text-align:center;font-weight:700;font-style:normal;text-decoration:none;font-size:29px;line-height:26px;color:#090a0a;font-family:Lato;width:298px;height:94px;\" class=\"ls-l\" data-ls=\"offsetyin:-100lh;easingin:easeOutQuint;\">Testamento ser\u00e1 de $3,800.00 pesos, M. N.<\/div><div style=\"top:359px;left:27px;text-align:center;font-weight:700;font-style:normal;text-decoration:none;font-size:29px;line-height:26px;color:#090a0a;font-family:Lato;width:298px;height:94px;\" class=\"ls-l\" data-ls=\"offsetyin:-100lh;easingin:easeOutQuint;\">Adulto mayor $477.00 pesos, M. N.<\/div><div style=\"top:396px;left:27px;text-align:center;font-weight:700;font-style:normal;text-decoration:none;font-size:29px;line-height:26px;color:#090a0a;font-family:Lato;width:298px;height:94px;\" class=\"ls-l\" data-ls=\"offsetyin:-100lh;easingin:easeOutQuint;\">Poblaci\u00f3n en general: $1,508.00 pesos M. N.<\/div><div style=\"top:324px;left:27px;text-align:center;font-weight:700;font-style:normal;text-decoration:none;font-size:29px;line-height:26px;color:#e61c1c;font-family:Lato;width:298px;height:94px;\" class=\"ls-l\" data-ls=\"offsetyin:-100lh;easingin:easeOutQuint;\">Voluntad anticipada ser\u00e1 de :<\/div><\/div><\/div>\n<!-- \/wp:paragraph -->\t\t\t\t\t<\/div>\n\t\t\t\t\t\t<\/div>\n\t\t\t\t<\/div>\n\t\t\t\t\t\t<\/div>\n\t\t\t\t\t<\/div>\n\t\t<\/div>\n\t\t\t\t\t\t\t\t<\/div>\n\t\t\t\t\t<\/div>\n\t\t<\/section>\n\t\t\t\t<section class=\"elementor-section elementor-top-section elementor-element elementor-element-fa24727 elementor-section-boxed elementor-section-height-default elementor-section-height-default\" data-id=\"fa24727\" data-element_type=\"section\">\n\t\t\t\t\t\t<div class=\"elementor-container elementor-column-gap-default\">\n\t\t\t\t\t\t\t<div class=\"elementor-row\">\n\t\t\t\t\t<div class=\"elementor-column elementor-col-100 elementor-top-column elementor-element elementor-element-a917fa2\" data-id=\"a917fa2\" data-element_type=\"column\">\n\t\t\t<div class=\"elementor-column-wrap elementor-element-populated\">\n\t\t\t\t\t\t\t<div class=\"elementor-widget-wrap\">\n\t\t\t\t\t\t<div class=\"elementor-element elementor-element-2c59e4f elementor-widget elementor-widget-spacer\" data-id=\"2c59e4f\" data-element_type=\"widget\" data-widget_type=\"spacer.default\">\n\t\t\t\t<div class=\"elementor-widget-container\">\n\t\t\t\t\t<div class=\"elementor-spacer\">\n\t\t\t<div class=\"elementor-spacer-inner\"><\/div>\n\t\t<\/div>\n\t\t\t\t<\/div>\n\t\t\t\t<\/div>\n\t\t\t\t\t\t<\/div>\n\t\t\t\t\t<\/div>\n\t\t<\/div>\n\t\t\t\t\t\t\t\t<\/div>\n\t\t\t\t\t<\/div>\n\t\t<\/section>\n\t\t\t\t<section class=\"elementor-section elementor-top-section elementor-element elementor-element-121a108 elementor-section-boxed elementor-section-height-default elementor-section-height-default\" data-id=\"121a108\" data-element_type=\"section\">\n\t\t\t\t\t\t<div class=\"elementor-container elementor-column-gap-default\">\n\t\t\t\t\t\t\t<div class=\"elementor-row\">\n\t\t\t\t\t<div class=\"elementor-column elementor-col-100 elementor-top-column elementor-element elementor-element-681761a\" data-id=\"681761a\" data-element_type=\"column\">\n\t\t\t<div class=\"elementor-column-wrap elementor-element-populated\">\n\t\t\t\t\t\t\t<div class=\"elementor-widget-wrap\">\n\t\t\t\t\t\t<div class=\"elementor-element elementor-element-923849d elementor-widget elementor-widget-text-editor\" data-id=\"923849d\" data-element_type=\"widget\" data-widget_type=\"text-editor.default\">\n\t\t\t\t<div class=\"elementor-widget-container\">\n\t\t\t\t\t\t\t\t<div class=\"elementor-text-editor elementor-clearfix\">\n\t\t\t\t<h1 class=\"plain\" style=\"text-align: center;\" align=\"center\"><span class=\"customtext2\">Notario No. 219 de la Ciudad de M\u00e9xico<\/span><\/h1>\n<h3 style=\"text-align: center;\">Tu mejor opci\u00f3n<\/h3>\n<div class=\"plain\" style=\"text-align: center;\" align=\"center\">\u00a0<\/div>\n<div class=\"plain\" style=\"text-align: center;\">La Notar\u00eda 219 de la Ciudad de M\u00e9xico, a cargo de la Lic. Estela \u00c1lvarez Narv\u00e1ez, brinda sus servicios desde el a\u00f1o 1994,\u00a0 consolid\u00e1ndose como una de las mejores opciones para personas y empresas, al conducirse con total \u00e9tica.<\/div>\n<div class=\"plain\" style=\"text-align: center;\">\u00a0<\/div>\n<div class=\"plain\" style=\"text-align: center;\">Nuestro equipo tomar\u00e1 el tiempo de sentarse con usted y comentar todas sus opciones para garantizar que usted reciba el servicio que se ajuste a sus necesidades.<\/div>\t\t\t\t\t<\/div>\n\t\t\t\t\t\t<\/div>\n\t\t\t\t<\/div>\n\t\t\t\t\t\t<\/div>\n\t\t\t\t\t<\/div>\n\t\t<\/div>\n\t\t\t\t\t\t\t\t<\/div>\n\t\t\t\t\t<\/div>\n\t\t<\/section>\n\t\t\t\t<section class=\"elementor-section elementor-top-section elementor-element elementor-element-d519a9c elementor-section-boxed elementor-section-height-default elementor-section-height-default\" data-id=\"d519a9c\" data-element_type=\"section\">\n\t\t\t\t\t\t<div class=\"elementor-container elementor-column-gap-default\">\n\t\t\t\t\t\t\t<div class=\"elementor-row\">\n\t\t\t\t\t<div class=\"elementor-column elementor-col-100 elementor-top-column elementor-element elementor-element-318bfd0\" data-id=\"318bfd0\" data-element_type=\"column\">\n\t\t\t<div class=\"elementor-column-wrap elementor-element-populated\">\n\t\t\t\t\t\t\t<div class=\"elementor-widget-wrap\">\n\t\t\t\t\t\t<div class=\"elementor-element elementor-element-f4e5e02 elementor-widget elementor-widget-text-editor\" data-id=\"f4e5e02\" data-element_type=\"widget\" data-widget_type=\"text-editor.default\">\n\t\t\t\t<div class=\"elementor-widget-container\">\n\t\t\t\t\t\t\t\t<div class=\"elementor-text-editor elementor-clearfix\">\n\t\t\t\t<h4 class=\"plain\">Nuestro equipo se concentra en muchos servicios, como:<\/h4>\n<ul>\n<li class=\"plain\" style=\"text-align: left;\">Constituci\u00f3n de Sociedades<\/li>\n<li class=\"plain\" style=\"text-align: left;\">Protocolizaciones de Acta<\/li>\n<li class=\"plain\" style=\"text-align: left;\">Condominios<\/li>\n<li class=\"plain\" style=\"text-align: left;\">Voluntad Anticipada<\/li>\n<li class=\"plain\" style=\"text-align: left;\">Ratificaci\u00f3n de firmas<\/li>\n<li class=\"plain\" style=\"text-align: left;\">Hipotecas<\/li>\n<li class=\"plain\" style=\"text-align: left;\">Cancelaciones de Hipotecas<\/li>\n<li class=\"plain\" style=\"text-align: left;\">Cr\u00e9ditos de FOVISSSTE<\/li>\n<li class=\"plain\" style=\"text-align: left;\">Declaraciones (de nombres y perdida de facturas)<\/li>\n<li class=\"plain\" style=\"text-align: left;\">Estamos aqu\u00ed para llegar a una soluci\u00f3n desarrollada espec\u00edficamente para sus requerimientos, juntos trabajamos como un equipo.<\/li>\n<\/ul>\t\t\t\t\t<\/div>\n\t\t\t\t\t\t<\/div>\n\t\t\t\t<\/div>\n\t\t\t\t\t\t<\/div>\n\t\t\t\t\t<\/div>\n\t\t<\/div>\n\t\t\t\t\t\t\t\t<\/div>\n\t\t\t\t\t<\/div>\n\t\t<\/section>\n\t\t\t\t<section class=\"elementor-section elementor-top-section elementor-element elementor-element-8e52751 elementor-section-boxed elementor-section-height-default elementor-section-height-default\" data-id=\"8e52751\" data-element_type=\"section\">\n\t\t\t\t\t\t<div class=\"elementor-container elementor-column-gap-default\">\n\t\t\t\t\t\t\t<div class=\"elementor-row\">\n\t\t\t\t\t<div class=\"elementor-column elementor-col-100 elementor-top-column elementor-element elementor-element-e62a55e\" data-id=\"e62a55e\" data-element_type=\"column\">\n\t\t\t<div class=\"elementor-column-wrap elementor-element-populated\">\n\t\t\t\t\t\t\t<div class=\"elementor-widget-wrap\">\n\t\t\t\t\t\t<div class=\"elementor-element elementor-element-3bbd17d elementor-widget elementor-widget-spacer\" data-id=\"3bbd17d\" data-element_type=\"widget\" data-widget_type=\"spacer.default\">\n\t\t\t\t<div class=\"elementor-widget-container\">\n\t\t\t\t\t<div class=\"elementor-spacer\">\n\t\t\t<div class=\"elementor-spacer-inner\"><\/div>\n\t\t<\/div>\n\t\t\t\t<\/div>\n\t\t\t\t<\/div>\n\t\t\t\t\t\t<\/div>\n\t\t\t\t\t<\/div>\n\t\t<\/div>\n\t\t\t\t\t\t\t\t<\/div>\n\t\t\t\t\t<\/div>\n\t\t<\/section>\n\t\t\t\t<section class=\"elementor-section elementor-top-section elementor-element elementor-element-46fd539 elementor-section-boxed elementor-section-height-default elementor-section-height-default\" data-id=\"46fd539\" data-element_type=\"section\">\n\t\t\t\t\t\t<div class=\"elementor-container elementor-column-gap-default\">\n\t\t\t\t\t\t\t<div class=\"elementor-row\">\n\t\t\t\t\t<div class=\"elementor-column elementor-col-50 elementor-top-column elementor-element elementor-element-4037709\" data-id=\"4037709\" data-element_type=\"column\">\n\t\t\t<div class=\"elementor-column-wrap elementor-element-populated\">\n\t\t\t\t\t\t\t<div class=\"elementor-widget-wrap\">\n\t\t\t\t\t\t<div class=\"elementor-element elementor-element-9edeb28 elementor-widget elementor-widget-google_maps\" data-id=\"9edeb28\" data-element_type=\"widget\" data-widget_type=\"google_maps.default\">\n\t\t\t\t<div class=\"elementor-widget-container\">\n\t\t\t\t\t<div class=\"elementor-custom-embed\">\n\t\t\t<iframe frameborder=\"0\" scrolling=\"no\" marginheight=\"0\" marginwidth=\"0\"\n\t\t\t\t\tsrc=\"https:\/\/maps.google.com\/maps?q=notaria%20219&#038;t=m&#038;z=13&#038;output=embed&#038;iwloc=near\"\n\t\t\t\t\ttitle=\"notaria 219\"\n\t\t\t\t\taria-label=\"notaria 219\"\n\t\t\t><\/iframe>\n\t\t<\/div>\n\t\t\t\t<\/div>\n\t\t\t\t<\/div>\n\t\t\t\t\t\t<\/div>\n\t\t\t\t\t<\/div>\n\t\t<\/div>\n\t\t\t\t<div class=\"elementor-column elementor-col-50 elementor-top-column elementor-element elementor-element-9d6e4f3\" data-id=\"9d6e4f3\" data-element_type=\"column\">\n\t\t\t<div class=\"elementor-column-wrap elementor-element-populated\">\n\t\t\t\t\t\t\t<div class=\"elementor-widget-wrap\">\n\t\t\t\t\t\t<div class=\"elementor-element elementor-element-b79dbf6 elementor-widget elementor-widget-text-editor\" data-id=\"b79dbf6\" data-element_type=\"widget\" data-widget_type=\"text-editor.default\">\n\t\t\t\t<div class=\"elementor-widget-container\">\n\t\t\t\t\t\t\t\t<div class=\"elementor-text-editor elementor-clearfix\">\n\t\t\t\t<h1>Oficina<\/h1>\n<h5><strong>Direcci\u00f3n<\/strong><\/h5>\n<h5>Av. SAN FERNANDO 469 CASA 9, Col. San FERNANDO<\/h5>\n<h5>Del. Tlalpan, CDMX.<\/h5>\n<div>\n<h5>&nbsp;<\/h5>\n<h5><strong>Contacto<\/strong><\/h5>\n<h5>Tel\u00e9fonos: 55 5171 6771, 55 5171 6841 Y 55 5606 7768<\/h5>\n<div>\n<h5>&nbsp;<\/h5>\n<h5><b>E-mail<\/b>: contacto@NOTARIA-219.COM.MX<\/h5>\n<h5>&nbsp;<\/h5>\n<h5>Horarios: L-V 8:30 a 16:00<\/h5>\n<\/div>\n<\/div>\n<p>.<\/p>\t\t\t\t\t<\/div>\n\t\t\t\t\t\t<\/div>\n\t\t\t\t<\/div>\n\t\t\t\t\t\t<\/div>\n\t\t\t\t\t<\/div>\n\t\t<\/div>\n\t\t\t\t\t\t\t\t<\/div>\n\t\t\t\t\t<\/div>\n\t\t<\/section>\n\t\t\t\t\t\t\t\t\t<\/div>\n\t\t\t<\/div>\n\t\t\t\t\t<\/div>\n\t\t","protected":false},"excerpt":{"rendered":"<p>Notario No. 219 de la Ciudad de M\u00e9xico Tu mejor opci\u00f3n La Notar\u00eda 219 de la Ciudad de M\u00e9xico, a cargo de la Lic. Estela \u00c1lvarez Narv\u00e1ez, brinda sus servicios desde el a\u00f1o 1994,&nbsp; consolid\u00e1ndose como una de las mejores opciones para personas y empresas, al conducirse con total \u00e9tica. Nuestro equipo tomar\u00e1 el tiempo&hellip;<\/p>\n","protected":false},"author":1,"featured_media":0,"parent":0,"menu_order":0,"comment_status":"closed","ping_status":"closed","template":"","meta":[],"_links":{"self":[{"href":"http:\/\/notaria-219.com.mx\/index.php?rest_route=\/wp\/v2\/pages\/130"}],"collection":[{"href":"http:\/\/notaria-219.com.mx\/index.php?rest_route=\/wp\/v2\/pages"}],"about":[{"href":"http:\/\/notaria-219.com.mx\/index.php?rest_route=\/wp\/v2\/types\/page"}],"author":[{"embeddable":true,"href":"http:\/\/notaria-219.com.mx\/index.php?rest_route=\/wp\/v2\/users\/1"}],"replies":[{"embeddable":true,"href":"http:\/\/notaria-219.com.mx\/index.php?rest_route=%2Fwp%2Fv2%2Fcomments&post=130"}],"version-history":[{"count":23,"href":"http:\/\/notaria-219.com.mx\/index.php?rest_route=\/wp\/v2\/pages\/130\/revisions"}],"predecessor-version":[{"id":182,"href":"http:\/\/notaria-219.com.mx\/index.php?rest_route=\/wp\/v2\/pages\/130\/revisions\/182"}],"wp:attachment":[{"href":"http:\/\/notaria-219.com.mx\/index.php?rest_route=%2Fwp%2Fv2%2Fmedia&parent=130"}],"curies":[{"name":"wp","href":"https:\/\/api.w.org\/{rel}","templated":true}]}}